{"id":2535,"date":"2020-05-15T15:03:41","date_gmt":"2020-05-15T15:03:41","guid":{"rendered":"https:\/\/www.hostelleriedheloise.com\/?page_id=2535"},"modified":"2020-05-15T15:04:25","modified_gmt":"2020-05-15T15:04:25","slug":"restauration-a-emporter","status":"publish","type":"page","link":"https:\/\/www.hostelleriedheloise.com\/en\/restauration-a-emporter\/","title":{"rendered":"Restauration \u00e0 emporter"},"content":{"rendered":"<div data-elementor-type=\"wp-page\" data-elementor-id=\"2535\" class=\"elementor elementor-2535\" data-elementor-post-type=\"page\">\n\t\t\t\t\t\t<section class=\"elementor-section elementor-top-section elementor-element elementor-element-4335add9 elementor-section-height-min-height elementor-section-boxed elementor-section-height-default elementor-section-items-middle\" data-id=\"4335add9\" data-element_type=\"section\" data-settings=\"{&quot;background_background&quot;:&quot;classic&quot;}\">\n\t\t\t\t\t\t\t<div class=\"elementor-background-overlay\"><\/div>\n\t\t\t\t\t\t\t<div class=\"elementor-container elementor-column-gap-default\">\n\t\t\t\t\t<div class=\"elementor-column elementor-col-100 elementor-top-column elementor-element elementor-element-369be720\" data-id=\"369be720\" data-element_type=\"column\">\n\t\t\t<div class=\"elementor-widget-wrap elementor-element-populated\">\n\t\t\t\t\t\t<div class=\"elementor-element elementor-element-342f94c3 elementor-widget elementor-widget-text-editor\" data-id=\"342f94c3\" data-element_type=\"widget\" data-widget_type=\"text-editor.default\">\n\t\t\t\t<div class=\"elementor-widget-container\">\n\t\t\t\t\t\t\t\t\t<p>The \"Table d'H\u00e9lo\u00efse\" restaurant<\/p>\t\t\t\t\t\t\t\t<\/div>\n\t\t\t\t<\/div>\n\t\t\t\t<div class=\"elementor-element elementor-element-53701a66 elementor-widget elementor-widget-text-editor\" data-id=\"53701a66\" data-element_type=\"widget\" data-widget_type=\"text-editor.default\">\n\t\t\t\t<div class=\"elementor-widget-container\">\n\t\t\t\t\t\t\t\t\t<p>Restauration \u00e0 emporter<\/p>\t\t\t\t\t\t\t\t<\/div>\n\t\t\t\t<\/div>\n\t\t\t\t\t<\/div>\n\t\t<\/div>\n\t\t\t\t\t<\/div>\n\t\t<\/section>\n\t\t\t\t<section class=\"elementor-section elementor-top-section elementor-element elementor-element-229c155d elementor-section-boxed elementor-section-height-default elementor-section-height-default\" data-id=\"229c155d\" data-element_type=\"section\">\n\t\t\t\t\t\t<div class=\"elementor-container elementor-column-gap-default\">\n\t\t\t\t\t<div class=\"elementor-column elementor-col-100 elementor-top-column elementor-element elementor-element-99344cb\" data-id=\"99344cb\" data-element_type=\"column\">\n\t\t\t<div class=\"elementor-widget-wrap elementor-element-populated\">\n\t\t\t\t\t\t<div class=\"elementor-element elementor-element-6cd6874e elementor-widget elementor-widget-shortcode\" data-id=\"6cd6874e\" data-element_type=\"widget\" data-widget_type=\"shortcode.default\">\n\t\t\t\t<div class=\"elementor-widget-container\">\n\t\t\t\t\t\t\t<div class=\"elementor-shortcode\">[fooditems]<\/div>\n\t\t\t\t\t\t<\/div>\n\t\t\t\t<\/div>\n\t\t\t\t\t<\/div>\n\t\t<\/div>\n\t\t\t\t\t<\/div>\n\t\t<\/section>\n\t\t\t\t<\/div>","protected":false},"excerpt":{"rendered":"<p class=\"excerpt\">Le restaurant Restauration \u00e0 emporter [fooditems]<\/p>","protected":false},"author":2,"featured_media":0,"parent":0,"menu_order":0,"comment_status":"closed","ping_status":"closed","template":"template-blank.php","meta":{"footnotes":""},"class_list":["post-2535","page","type-page","status-publish","hentry"],"yoast_head":"<!-- This site is optimized with the Yoast SEO plugin v25.6 - https:\/\/yoast.com\/wordpress\/plugins\/seo\/ -->\n<title>Restauration \u00e0 emporter | Hostellerie d&#039;H\u00e9lo\u00efse<\/title>\n<meta name=\"robots\" content=\"index, follow, max-snippet:-1, max-image-preview:large, max-video-preview:-1\" \/>\n<link rel=\"canonical\" href=\"https:\/\/www.hostelleriedheloise.com\/en\/restauration-a-emporter\/\" \/>\n<meta property=\"og:locale\" content=\"en_US\" \/>\n<meta property=\"og:type\" content=\"article\" \/>\n<meta property=\"og:title\" content=\"Restauration \u00e0 emporter | Hostellerie d&#039;H\u00e9lo\u00efse\" \/>\n<meta property=\"og:description\" content=\"Le restaurant Restauration \u00e0 emporter [fooditems]\" \/>\n<meta property=\"og:url\" content=\"https:\/\/www.hostelleriedheloise.com\/en\/restauration-a-emporter\/\" \/>\n<meta property=\"og:site_name\" content=\"Hostellerie d&#039;H\u00e9lo\u00efse\" \/>\n<meta property=\"article:modified_time\" content=\"2020-05-15T15:04:25+00:00\" \/>\n<script type=\"application\/ld+json\" class=\"yoast-schema-graph\">{\"@context\":\"https:\/\/schema.org\",\"@graph\":[{\"@type\":\"WebPage\",\"@id\":\"https:\/\/www.hostelleriedheloise.com\/restauration-a-emporter\/\",\"url\":\"https:\/\/www.hostelleriedheloise.com\/restauration-a-emporter\/\",\"name\":\"Restauration \u00e0 emporter | Hostellerie d&#039;H\u00e9lo\u00efse\",\"isPartOf\":{\"@id\":\"https:\/\/www.hostelleriedheloise.com\/#website\"},\"datePublished\":\"2020-05-15T15:03:41+00:00\",\"dateModified\":\"2020-05-15T15:04:25+00:00\",\"breadcrumb\":{\"@id\":\"https:\/\/www.hostelleriedheloise.com\/restauration-a-emporter\/#breadcrumb\"},\"inLanguage\":\"en-US\",\"potentialAction\":[{\"@type\":\"ReadAction\",\"target\":[\"https:\/\/www.hostelleriedheloise.com\/restauration-a-emporter\/\"]}]},{\"@type\":\"BreadcrumbList\",\"@id\":\"https:\/\/www.hostelleriedheloise.com\/restauration-a-emporter\/#breadcrumb\",\"itemListElement\":[{\"@type\":\"ListItem\",\"position\":1,\"name\":\"Accueil\",\"item\":\"https:\/\/www.hostelleriedheloise.com\/\"},{\"@type\":\"ListItem\",\"position\":2,\"name\":\"Restauration \u00e0 emporter\"}]},{\"@type\":\"WebSite\",\"@id\":\"https:\/\/www.hostelleriedheloise.com\/#website\",\"url\":\"https:\/\/www.hostelleriedheloise.com\/\",\"name\":\"Hostellerie d&#039;H\u00e9lo\u00efse\",\"description\":\"H\u00f4tel &amp; restaurant \u00e0 Cluny\",\"publisher\":{\"@id\":\"https:\/\/www.hostelleriedheloise.com\/#organization\"},\"potentialAction\":[{\"@type\":\"SearchAction\",\"target\":{\"@type\":\"EntryPoint\",\"urlTemplate\":\"https:\/\/www.hostelleriedheloise.com\/?s={search_term_string}\"},\"query-input\":{\"@type\":\"PropertyValueSpecification\",\"valueRequired\":true,\"valueName\":\"search_term_string\"}}],\"inLanguage\":\"en-US\"},{\"@type\":\"Organization\",\"@id\":\"https:\/\/www.hostelleriedheloise.com\/#organization\",\"name\":\"Hostellerie d'H\u00e9lo\u00efse\",\"url\":\"https:\/\/www.hostelleriedheloise.com\/\",\"logo\":{\"@type\":\"ImageObject\",\"inLanguage\":\"en-US\",\"@id\":\"https:\/\/www.hostelleriedheloise.com\/#\/schema\/logo\/image\/\",\"url\":\"https:\/\/www.hostelleriedheloise.com\/wp-content\/uploads\/2019\/03\/LOGO_WHITE_250.png\",\"contentUrl\":\"https:\/\/www.hostelleriedheloise.com\/wp-content\/uploads\/2019\/03\/LOGO_WHITE_250.png\",\"width\":250,\"height\":125,\"caption\":\"Hostellerie d'H\u00e9lo\u00efse\"},\"image\":{\"@id\":\"https:\/\/www.hostelleriedheloise.com\/#\/schema\/logo\/image\/\"}}]}<\/script>\n<!-- \/ Yoast SEO plugin. -->","yoast_head_json":{"title":"Restauration \u00e0 emporter | Hostellerie d&#039;H\u00e9lo\u00efse","robots":{"index":"index","follow":"follow","max-snippet":"max-snippet:-1","max-image-preview":"max-image-preview:large","max-video-preview":"max-video-preview:-1"},"canonical":"https:\/\/www.hostelleriedheloise.com\/en\/restauration-a-emporter\/","og_locale":"en_US","og_type":"article","og_title":"Restauration \u00e0 emporter | Hostellerie d&#039;H\u00e9lo\u00efse","og_description":"Le restaurant Restauration \u00e0 emporter [fooditems]","og_url":"https:\/\/www.hostelleriedheloise.com\/en\/restauration-a-emporter\/","og_site_name":"Hostellerie d&#039;H\u00e9lo\u00efse","article_modified_time":"2020-05-15T15:04:25+00:00","schema":{"@context":"https:\/\/schema.org","@graph":[{"@type":"WebPage","@id":"https:\/\/www.hostelleriedheloise.com\/restauration-a-emporter\/","url":"https:\/\/www.hostelleriedheloise.com\/restauration-a-emporter\/","name":"Restauration \u00e0 emporter | Hostellerie d&#039;H\u00e9lo\u00efse","isPartOf":{"@id":"https:\/\/www.hostelleriedheloise.com\/#website"},"datePublished":"2020-05-15T15:03:41+00:00","dateModified":"2020-05-15T15:04:25+00:00","breadcrumb":{"@id":"https:\/\/www.hostelleriedheloise.com\/restauration-a-emporter\/#breadcrumb"},"inLanguage":"en-US","potentialAction":[{"@type":"ReadAction","target":["https:\/\/www.hostelleriedheloise.com\/restauration-a-emporter\/"]}]},{"@type":"BreadcrumbList","@id":"https:\/\/www.hostelleriedheloise.com\/restauration-a-emporter\/#breadcrumb","itemListElement":[{"@type":"ListItem","position":1,"name":"Accueil","item":"https:\/\/www.hostelleriedheloise.com\/"},{"@type":"ListItem","position":2,"name":"Restauration \u00e0 emporter"}]},{"@type":"WebSite","@id":"https:\/\/www.hostelleriedheloise.com\/#website","url":"https:\/\/www.hostelleriedheloise.com\/","name":"Hostellerie d&#039;H\u00e9lo\u00efse","description":"H\u00f4tel &amp; restaurant \u00e0 Cluny","publisher":{"@id":"https:\/\/www.hostelleriedheloise.com\/#organization"},"potentialAction":[{"@type":"SearchAction","target":{"@type":"EntryPoint","urlTemplate":"https:\/\/www.hostelleriedheloise.com\/?s={search_term_string}"},"query-input":{"@type":"PropertyValueSpecification","valueRequired":true,"valueName":"search_term_string"}}],"inLanguage":"en-US"},{"@type":"Organization","@id":"https:\/\/www.hostelleriedheloise.com\/#organization","name":"Hostellerie d'H\u00e9lo\u00efse","url":"https:\/\/www.hostelleriedheloise.com\/","logo":{"@type":"ImageObject","inLanguage":"en-US","@id":"https:\/\/www.hostelleriedheloise.com\/#\/schema\/logo\/image\/","url":"https:\/\/www.hostelleriedheloise.com\/wp-content\/uploads\/2019\/03\/LOGO_WHITE_250.png","contentUrl":"https:\/\/www.hostelleriedheloise.com\/wp-content\/uploads\/2019\/03\/LOGO_WHITE_250.png","width":250,"height":125,"caption":"Hostellerie d'H\u00e9lo\u00efse"},"image":{"@id":"https:\/\/www.hostelleriedheloise.com\/#\/schema\/logo\/image\/"}}]}},"_links":{"self":[{"href":"https:\/\/www.hostelleriedheloise.com\/en\/wp-json\/wp\/v2\/pages\/2535","targetHints":{"allow":["GET"]}}],"collection":[{"href":"https:\/\/www.hostelleriedheloise.com\/en\/wp-json\/wp\/v2\/pages"}],"about":[{"href":"https:\/\/www.hostelleriedheloise.com\/en\/wp-json\/wp\/v2\/types\/page"}],"author":[{"embeddable":true,"href":"https:\/\/www.hostelleriedheloise.com\/en\/wp-json\/wp\/v2\/users\/2"}],"replies":[{"embeddable":true,"href":"https:\/\/www.hostelleriedheloise.com\/en\/wp-json\/wp\/v2\/comments?post=2535"}],"version-history":[{"count":0,"href":"https:\/\/www.hostelleriedheloise.com\/en\/wp-json\/wp\/v2\/pages\/2535\/revisions"}],"wp:attachment":[{"href":"https:\/\/www.hostelleriedheloise.com\/en\/wp-json\/wp\/v2\/media?parent=2535"}],"curies":[{"name":"wp","href":"https:\/\/api.w.org\/{rel}","templated":true}]}}